{"id":34,"date":"2019-12-18T23:31:26","date_gmt":"2019-12-18T23:31:26","guid":{"rendered":"http:\/\/mytes.upt.ro\/?page_id=34"},"modified":"2020-01-19T21:14:08","modified_gmt":"2020-01-19T19:14:08","slug":"main-objective-of-the-project","status":"publish","type":"page","link":"https:\/\/mytes.upt.ro\/ro\/","title":{"rendered":"Home"},"content":{"rendered":"\n<h2>Obiectivul principal al proiectului <\/h2>\n\n\n\n<p>Cre\u0219terea oportunit\u0103\u021bilor de angajare \u0219i a gradului de angajare a tinerilor prin crearea condi\u021biilor organiza\u021bionale \u0219i institu\u021bionale pentru \u00eembun\u0103t\u0103\u021birea transfrontalier\u0103 \u0219i \u00een re\u021bea a educa\u021biei, cuno\u0219tin\u021belor \u0219i abilit\u0103\u021bilor care s\u0103 r\u0103spund\u0103 nevoilor economiei \u0219i pie\u021bei muncii. Proiectul se concentreaz\u0103 pe tehnologii IT moderne \u0219i sisteme moderne de management, care vor \u00eencuraja \u0219i sus\u021bine inova\u021bia, creativitatea, antreprenoriatul \u0219i economia bazat\u0103 pe cunoa\u0219tere a tinerilor din zona de frontier\u0103 rom\u00e2neasc\u0103 \u0219i s\u00e2rb\u0103. Proiectul va constitui baza institu\u021bional\u0103 \u0219i organiza\u021bional\u0103 pentru dob\u00e2ndirea de noi abilit\u0103\u021bi care s\u0103 corespund\u0103 nevoilor economiei, cuno\u0219tin\u021be care se bazeaz\u0103 pe noile tehnologii IT \u0219i sisteme moderne de management \u0219i vor \u00eencuraja men\u021binerea \u0219i \u00eembun\u0103t\u0103\u021birea educa\u021biei \u0219i angajamentului fa\u021b\u0103 de educa\u021bia ter\u021biar\u0103 \u0219i de lung\u0103 durat\u0103.<\/p>\n","protected":false},"excerpt":{"rendered":"<p>Obiectivul principal al proiectului Cre\u0219terea oportunit\u0103\u021bilor de angajare \u0219i a gradului de angajare a tinerilor prin crearea condi\u021biilor organiza\u021bionale \u0219i institu\u021bionale pentru \u00eembun\u0103t\u0103\u021birea transfrontalier\u0103 \u0219i \u00een re\u021bea a educa\u021biei, cuno\u0219tin\u021belor \u0219i abilit\u0103\u021bilor care s\u0103 r\u0103spund\u0103 nevoilor economiei \u0219i pie\u021bei muncii. Proiectul se concentreaz\u0103 pe tehnologii IT moderne \u0219i sisteme moderne de management, care vor \u00eencuraja [&hellip;]<\/p>\n","protected":false},"author":1,"featured_media":0,"parent":0,"menu_order":0,"comment_status":"closed","ping_status":"closed","template":"","meta":[],"_links":{"self":[{"href":"https:\/\/mytes.upt.ro\/ro\/wp-json\/wp\/v2\/pages\/34"}],"collection":[{"href":"https:\/\/mytes.upt.ro\/ro\/wp-json\/wp\/v2\/pages"}],"about":[{"href":"https:\/\/mytes.upt.ro\/ro\/wp-json\/wp\/v2\/types\/page"}],"author":[{"embeddable":true,"href":"https:\/\/mytes.upt.ro\/ro\/wp-json\/wp\/v2\/users\/1"}],"replies":[{"embeddable":true,"href":"https:\/\/mytes.upt.ro\/ro\/wp-json\/wp\/v2\/comments?post=34"}],"version-history":[{"count":6,"href":"https:\/\/mytes.upt.ro\/ro\/wp-json\/wp\/v2\/pages\/34\/revisions"}],"predecessor-version":[{"id":177,"href":"https:\/\/mytes.upt.ro\/ro\/wp-json\/wp\/v2\/pages\/34\/revisions\/177"}],"wp:attachment":[{"href":"https:\/\/mytes.upt.ro\/ro\/wp-json\/wp\/v2\/media?parent=34"}],"curies":[{"name":"wp","href":"https:\/\/api.w.org\/{rel}","templated":true}]}}