{"id":59,"date":"2019-12-19T02:21:26","date_gmt":"2019-12-19T00:21:26","guid":{"rendered":"http:\/\/mytes.upt.ro\/?page_id=59"},"modified":"2020-01-28T10:05:32","modified_gmt":"2020-01-28T08:05:32","slug":"partners","status":"publish","type":"page","link":"https:\/\/mytes.upt.ro\/ro\/partners\/","title":{"rendered":"Parteneri"},"content":{"rendered":"\n<p>1. <strong>Universitatea Politehnica Timisoara, Romania<\/strong> &#8211; <a href=\"http:\/\/www.upt.ro\">http:\/\/www.upt.ro<\/a><\/p>\n\n\n\n<p>Universitatea Politehnica din Timi\u0219oara este de departe cea mai relevant\u0103 institu\u021bie de cercetare din zona Banatului \u0219i una dintre cele mai importante din Rom\u00e2nia. \u00cen peste 80 de ani de existen\u021b\u0103, personalul universitar \u0219i cercet\u0103torii au dezvoltat \u0219i implementat mii de proiecte de cercetare finan\u021bate prin diferite programe de cercetare \u0219i dezvoltare, cum ar fi: EU-IPA, FP5 &#8211; 7, HORIZON 2020, CEEX, PNCD, NASA, UEFISCDI. Capacitatea inovatoare a universit\u0103\u021bii este sus\u021binut\u0103 de profesori \u0219i cercet\u0103tori \u0219tiin\u021bifici prin brevete \u0219i inova\u021bii \u0219i prin implicarea \u00een nevoia de dezvoltare a societ\u0103\u021bii. Consolidarea cooper\u0103rii transfrontaliere \u00een regiunea Banatului, protec\u021bia regional\u0103 a mediului \u0219i contribu\u021bia la dezvoltarea \u0219i cre\u0219terea vizibilit\u0103\u021bii cercet\u0103rii \u0219tiin\u021bifice regionale \u00een zon\u0103 reprezint\u0103 o misiune \u0219i o oportunitate pentru Universitatea Politehnica din Timi\u0219oara. UPT are experien\u021b\u0103 \u00een implementarea activit\u0103\u021bilor de consiliere inovatoare, ca urmare a proiectului strategic POSDRU ID 48816 (\u00een perioada 2010-2013), cu un grup \u021bint\u0103 de 1995 studen\u021bi consilia\u021bi \u0219i o rat\u0103 de angajare de 75%. \u00cen perioada 2013-2016, au fost implementate mai multe proiecte la nivel na\u021bional, care implic\u0103 orientarea \u00een carier\u0103, stagii (POSDRU ID 156607, 132889 \u0219i 156555). \u00cen perioada 2014-2016, UPT a fost partener \u00een proiecte la nivel na\u021bional (POSDRU ID 125723, ID134003), implic\u00e2nd \u00eendrumare \u00een carier\u0103, dezvolt\u00e2nd competen\u021be pentru un grup \u021bint\u0103 de 10000 de \u0219omeri. RORS (INTERREG IPA I), MIS-ETC 1379, Infrastructura de acces transfrontalier la educa\u021bie la nivel \u00eenalt prin distribuirea web &#8211; EduWebCast. Dezvoltarea academic\u0103 transfrontalier\u0103 a unui sistem de recomand\u0103ri bazat pe imagini \u00een scopuri educa\u021bionale regionale MobileAssistant (2012-2013). Studiu comparativ privind nevoile de formare pentru dezvoltarea competen\u021belor antreprenoriale \u00een contextul E.U. post &#8211; integrare (2010-2012).<\/p>\n\n\n\n<p>2.<strong>Centrul \u015fcolar &#8222;Nikola Tesla&#8221; (SCNT)<\/strong> &#8211; <a href=\"http:\/\/www.teslavs.edu.rs\">http:\/\/www.teslavs.edu.rs<\/a><\/p>\n\n\n\n<p>Centrul de \u00eenv\u0103\u021b\u0103m\u00e2nt secundar se ocup\u0103 de educa\u021bia personalului \u00een \u0219tiin\u021be tehnice, inginerie mecanic\u0103 \u0219i electric\u0103, unde tehnologiile IT sunt importante; de asemenea, educ\u0103 tehnicieni economici, unde domeniile antreprenoriatului \u0219i managementului sunt esen\u021biale. \u0218coala organizeaz\u0103 predare practic\u0103 \u00een unele companii pentru un num\u0103r mic de subiecte, are o ma\u0219in\u0103 CNC \u0219i \u00een\u021belege importan\u021ba muncii practice pentru calitatea cuno\u0219tin\u021belor elevilor, deoarece noile companii solicit\u0103 recomand\u0103ri \u00eenainte de angajarea tinerilor pentru a lucra pe ma\u0219ini sofisticate. Ace\u0219tia sunt interesa\u021bi \u0219i de o preg\u0103tire suplimentar\u0103 pentru angaja\u021bii lor. \u0218coala a organizat, de asemenea, \u00een colaborare cu ONG-urile \u00een cadrul programului USAID, competi\u021bia \u201eBusiness Challenge\u201d de 3 ani. Peste 50 de echipe cu 150 de studen\u021bi au luat parte la aceste competi\u021bii, iar elevii acesteia au participat la \u201ecompeti\u021biile finale\u201d unde au c\u00e2\u0219tigat. \u0218coala \u0219i-a dat seama de importan\u021ba muncii creative \u0219i de promovare a cuno\u0219tin\u021belor \u0219i abilit\u0103\u021bilor tinerilor \u0219i are rezultate pozitive \u00een predare, precum \u0219i \u00een cuno\u0219tin\u021bele acumulate \u00een timpul acestor competi\u021bii. Cererile \u0219i sugestiile economiei locale au fost recunoscute \u0219i acceptate, domeniile care trebuie modificate \u00een educa\u021bia tinerilor \u0219i centrul este con\u0219tient de faptul c\u0103 acestea pot fi f\u0103cute prin metode de educa\u021bie informal\u0103, \u00een cooperare cu institu\u021biile de \u00eenv\u0103\u021b\u0103m\u00e2nt superior, cu \u00eembun\u0103t\u0103\u021birea permanent\u0103 a cuno\u0219tin\u021belor profesorilor \u0219colii, precum \u0219i a elevilor, prin crearea \u0219i institu\u021bionalizarea locului, organiz\u0103rii \u0219i metodei de implementare a tuturor acestor lucruri. \u0218coala a fost partener \u00een proiectul \u201eGhidarea elevilor prin cariere transfrontaliere de succes &#8211; MIS &#8211; cod ETC IPA 1341\u201d, implementat \u00een 2016. Obiectivele proiectului au constat \u00een consilierea pentru cariera de afaceri transfrontalier\u0103 la nivel de \u00eenv\u0103\u021b\u0103m\u00e2nt secundar, formarea viitorilor manageri transfrontalieri prin crearea propriilor lor firme simulate.<\/p>\n","protected":false},"excerpt":{"rendered":"<p>1. Universitatea Politehnica Timisoara, Romania &#8211; http:\/\/www.upt.ro Universitatea Politehnica din Timi\u0219oara este de departe cea mai relevant\u0103 institu\u021bie de cercetare din zona Banatului \u0219i una dintre cele mai importante din Rom\u00e2nia. \u00cen peste 80 de ani de existen\u021b\u0103, personalul universitar \u0219i cercet\u0103torii au dezvoltat \u0219i implementat mii de proiecte de cercetare finan\u021bate prin diferite programe [&hellip;]<\/p>\n","protected":false},"author":1,"featured_media":0,"parent":0,"menu_order":0,"comment_status":"closed","ping_status":"closed","template":"","meta":[],"_links":{"self":[{"href":"https:\/\/mytes.upt.ro\/ro\/wp-json\/wp\/v2\/pages\/59"}],"collection":[{"href":"https:\/\/mytes.upt.ro\/ro\/wp-json\/wp\/v2\/pages"}],"about":[{"href":"https:\/\/mytes.upt.ro\/ro\/wp-json\/wp\/v2\/types\/page"}],"author":[{"embeddable":true,"href":"https:\/\/mytes.upt.ro\/ro\/wp-json\/wp\/v2\/users\/1"}],"replies":[{"embeddable":true,"href":"https:\/\/mytes.upt.ro\/ro\/wp-json\/wp\/v2\/comments?post=59"}],"version-history":[{"count":9,"href":"https:\/\/mytes.upt.ro\/ro\/wp-json\/wp\/v2\/pages\/59\/revisions"}],"predecessor-version":[{"id":239,"href":"https:\/\/mytes.upt.ro\/ro\/wp-json\/wp\/v2\/pages\/59\/revisions\/239"}],"wp:attachment":[{"href":"https:\/\/mytes.upt.ro\/ro\/wp-json\/wp\/v2\/media?parent=59"}],"curies":[{"name":"wp","href":"https:\/\/api.w.org\/{rel}","templated":true}]}}