{"id":64,"date":"2019-12-19T02:23:07","date_gmt":"2019-12-19T00:23:07","guid":{"rendered":"http:\/\/mytes.upt.ro\/?page_id=64"},"modified":"2020-10-20T20:03:08","modified_gmt":"2020-10-20T18:03:08","slug":"activities","status":"publish","type":"page","link":"https:\/\/mytes.upt.ro\/ro\/activities\/","title":{"rendered":"Activitati"},"content":{"rendered":"\n<ol><li> <strong>Conferin\u0163a de lansare<\/strong><\/li><\/ol>\n\n\n\n<p>Conferin\u0163a de lansare a avut loc \u00een Timi\u015foara,  \u00een sala K1 de la Biblioteca Universit\u0103\u0163ii Politehnica Timi\u015foara, \u00een data de 27 septembrie 2019, cu 78 participan\u0163i: reprezentan\u0163i ai&nbsp; conducerii universit\u0103\u0163ii, exper\u0163ii din proiect, cadre didactice din \u00eenv\u0103\u0163\u0103m\u00e2ntul universitar \u015fi preuniversitar, reprezentan\u0163i din mediul economic \u015fi ai mass media.<\/p>\n\n\n\n<ol start=\"2\"><li><strong>Mas\u0103  rotund\u0103 <\/strong><\/li><\/ol>\n\n\n\n<p>Trainingurile pentru cadrele didactice din mediul preuniversitar au debutat cu o mas\u0103 rotund\u0103 intitulat\u0103 &#8222;The importance of continuing education, knowledge economy, knowledge management and career of young people\u201d, unde participan\u0163ii au dezb\u0103tut probleme referitoare la educa\u0163ie, \u00eenv\u0103\u0163\u0103m\u00e2nt, adaptarea \u015fi corelarea planului de \u00eenv\u0103\u0163\u0103m\u00e2nt cu cerin\u0163ele mediului economic. La masa rotund\u0103  au participat 44 persoane \u015fi au luat cuv\u00e2ntul profesori de pe ambele p\u0103r\u0163i ale frontierei, dar \u015fi reprezentan\u0163i din mediul economic.<\/p>\n\n\n\n<ol start=\"3\"><li><strong>Training pentru profesori: Programare CNC<\/strong><\/li><\/ol>\n\n\n\n<p>\u00cen perioada 22-24 noiembrie a avut loc primul curs: Programarea CNC, la care au participat 10 profesori din Serbia \u015fi 8 din Rom\u00e2nia. Cursul s-a \u0163inut \u00een Timi\u015foara, la pensiunea Donna Ana \u015fi la Facultatea de Mecanic\u0103. Acest curs va continua pe platforma eLearning (<a href=\"http:\/\/mytes.upt.ro\/courses\">http:\/\/mytes.upt.ro\/courses<\/a>), cursan\u0163ii av\u00e2nd obliga\u0163ia de a finaliza partea aplicativ\u0103 a cursului.<\/p>\n\n\n\n<ol start=\"4\"><li><strong>Training <\/strong> <strong>pentru profesori: Management \u015fi  antreprenoriat <\/strong><\/li><\/ol>\n\n\n\n<p>\u00cen perioada 06-08 decembrie a avut loc al doilea curs: Management \u015fi  antreprenoriat, la care au participat 10 profesori din Serbia \u015fi &nbsp;12 din Rom\u00e2nia. Cursul s-a \u0163inut \u00een Timi\u015foara, la pensiunea Donna Ana. Acest curs va continua pe platforma eLearning (<a href=\"http:\/\/mytes.upt.ro\/courses\">http:\/\/mytes.upt.ro\/courses<\/a>),  cursan\u0163ii av\u00e2nd obliga\u0163ia de a finaliza partea aplicativ\u0103 a cursului. Fiecare cursant va avea de realizat planul unei afaceri.<\/p>\n\n\n\n<ol start=\"5\"><li><strong>Training pentru profesori: Tehnologii IT moderne<\/strong><\/li><\/ol>\n\n\n\n<p>\u00cen perioada 06-08 decembrie a avut loc al treilea curs: Tehnologii IT moderne, la care participat 10 profesori din Serbia \u015fi 15 din Rom\u00e2nia. Cursul s-a \u0163inut \u00een Timi\u015foara, la pensiunea Donna Ana \u015fi la Facultatea de Mecanic\u0103 (sala 134). Acest curs va continua pe platforma eLearning (<a href=\"http:\/\/mytes.upt.ro\/courses\">http:\/\/mytes.upt.ro\/courses<\/a>),  cursan\u0163ii av\u00e2nd obliga\u0163ia de a finaliza partea aplicativ\u0103 a cursului. Fiecare cursant va avea de realizat o pagin\u0103 web.<\/p>\n\n\n\n<ol start=\"6\"><li><strong>Training <\/strong> <strong>pentru profesori<\/strong> <strong>: Scanare \u015fi tip\u0103rire 3D<\/strong><\/li><\/ol>\n\n\n\n<p>\u00cen perioada 17-19 ianuarie 2020 a avut loc ultimul curs:  Scanare \u015fi tip\u0103rire 3D, la care au participat 10 profesori din Serbia \u015fi 12 din Rom\u00e2nia. Cursul s-a \u0163inut \u00een Timi\u015foara, la hotel Ambasador \u015fi la Facultatea de Mecanic\u0103 (sala 134 \u015fi 199). Acest curs va continua pe platforma eLearning (<a href=\"http:\/\/mytes.upt.ro\/courses\">http:\/\/mytes.upt.ro\/courses<\/a>), cursan\u0163ii av\u00e2nd obliga\u0163ia de a finaliza partea aplicativ\u0103 a cursului. Fiecare cursant va avea de realizat un obiect, care va fi printat 3D.<\/p>\n\n\n\n<ol start=\"7\"><li><strong>Workshops in the field of IT technologies<\/strong><\/li><\/ol>\n\n\n\n<p>In perioada 28-29.02.2020, respectiv 6-7.03.2020 s-a  organizat  face-to-face la partener, liceul Nikolas TESLA, workshop-ul in domeniul tehnologiilor IT, workshop care a fost continuat on-line si in perioada 25-26.09.2020, respectiv 02-03.10.2020.<\/p>\n\n\n\n<ol start=\"8\"><li><strong>Workshops in the field of CNC programing<\/strong><\/li><\/ol>\n\n\n\n<p>In perioada 28-29.02.2020, respectiv 6-7.03.2020 s-a  organizat  face-to-face la partener, liceul Nikolas TESLA, workshop-ul in domeniul programarii CNC, workshop care a fost continuat on-line si in perioada 9-10.10.2020, respectiv 16-17.10.2020.<\/p>\n\n\n\n<ol start=\"9\"><li><strong>Workshops in the field of 3D printing and scanning<\/strong><\/li><\/ol>\n\n\n\n<p>Acest workshop a fost organizat doar online in perioada 25-26.09.2020, 02-03.10.2020, 9-10.10.2020, respectiv 16-17.10.2020.<\/p>\n\n\n\n<ol start=\"10\"><li><strong>Workshops in the field of Entrepreneurship and Management<\/strong><\/li><\/ol>\n\n\n\n<p>Acest workshop a fost organizat doar online in perioada 29-30.09.2020,  respectiv 6-7.10.2020.<\/p>\n\n\n\n<ol start=\"11\"><li><strong>5 DAYS program in the field of CNC<\/strong><\/li><\/ol>\n\n\n\n<p>Acest program s-a desfasurat atat la UPT cat si la partener, pentru fiecare domeniu: 3D printing and scanning, IT technologies, CNC programing and Entrepreneurship and Management in perioada iunie-octombrie 2020.<\/p>\n\n\n\n<ol start=\"12\"><li><strong>Counseling<\/strong><\/li><\/ol>\n\n\n\n<p>Participantii la activitati (elevi si studenti) au beneficiat de un program de consiliere, elevii in perioada 13-17.07.2020, iar studentii in perioada 03-14.08.2020.<\/p>\n","protected":false},"excerpt":{"rendered":"<p>Conferin\u0163a de lansare Conferin\u0163a de lansare a avut loc \u00een Timi\u015foara, \u00een sala K1 de la Biblioteca Universit\u0103\u0163ii Politehnica Timi\u015foara, \u00een data de 27 septembrie 2019, cu 78 participan\u0163i: reprezentan\u0163i ai&nbsp; conducerii universit\u0103\u0163ii, exper\u0163ii din proiect, cadre didactice din \u00eenv\u0103\u0163\u0103m\u00e2ntul universitar \u015fi preuniversitar, reprezentan\u0163i din mediul economic \u015fi ai mass media. Mas\u0103 rotund\u0103 Trainingurile pentru [&hellip;]<\/p>\n","protected":false},"author":1,"featured_media":0,"parent":0,"menu_order":0,"comment_status":"closed","ping_status":"closed","template":"","meta":[],"_links":{"self":[{"href":"https:\/\/mytes.upt.ro\/ro\/wp-json\/wp\/v2\/pages\/64"}],"collection":[{"href":"https:\/\/mytes.upt.ro\/ro\/wp-json\/wp\/v2\/pages"}],"about":[{"href":"https:\/\/mytes.upt.ro\/ro\/wp-json\/wp\/v2\/types\/page"}],"author":[{"embeddable":true,"href":"https:\/\/mytes.upt.ro\/ro\/wp-json\/wp\/v2\/users\/1"}],"replies":[{"embeddable":true,"href":"https:\/\/mytes.upt.ro\/ro\/wp-json\/wp\/v2\/comments?post=64"}],"version-history":[{"count":20,"href":"https:\/\/mytes.upt.ro\/ro\/wp-json\/wp\/v2\/pages\/64\/revisions"}],"predecessor-version":[{"id":390,"href":"https:\/\/mytes.upt.ro\/ro\/wp-json\/wp\/v2\/pages\/64\/revisions\/390"}],"wp:attachment":[{"href":"https:\/\/mytes.upt.ro\/ro\/wp-json\/wp\/v2\/media?parent=64"}],"curies":[{"name":"wp","href":"https:\/\/api.w.org\/{rel}","templated":true}]}}