{"id":9,"date":"2019-12-18T23:29:22","date_gmt":"2019-12-18T23:29:22","guid":{"rendered":"http:\/\/mytes.upt.ro\/?page_id=9"},"modified":"2020-01-28T09:27:27","modified_gmt":"2020-01-28T07:27:27","slug":"about","status":"publish","type":"page","link":"https:\/\/mytes.upt.ro\/ro\/about\/","title":{"rendered":"Despre"},"content":{"rendered":"\n<h2><strong>Grupul \u021bint\u0103<\/strong><\/h2>\n\n\n\n<p>Grupul \u021bint\u0103 este format din: <\/p>\n\n\n\n<p>&#8211; 70 de tineri (\u00een special \u0219omeri) din zona transfrontalier\u0103 cu v\u00e2rste cuprinse \u00eentre 16-24 ani, care vor fi implica\u021bi \u00een prezent\u0103ri \u0219i teste, \u00een activit\u0103\u021bi care sus\u021bin \u0219ansele crescute de angajare; <\/p>\n\n\n\n<p>&#8211; 20 de profesori rom\u00e2ni \u0219i s\u00e2rbi vor beneficia de instruirea formatorilor \u00een domeniile IT, management \u0219i antreprenoriat;<\/p>\n\n\n\n<p>&#8211; 10 angajatori rom\u00e2ni \u0219i s\u00e2rbi vor fi implica\u021bi \u00een programul TES, \u00een activit\u0103\u021bile de formare \u0219i consiliere organizate pentru tineri cu scopul de a-i ajuta s\u0103 dezvolte abilit\u0103\u021bile necesare pentru pia\u021ba muncii. Activit\u0103\u021bile proiectului se concentreaz\u0103 pe servicii integrate pentru accesul la oportunit\u0103\u021bi de munc\u0103. oferit tinerilor cu v\u00e2rste cuprinse \u00eentre 16-24 ani, \u00een special grupuri vulnerabile (tineri neangaja\u021bi, neimplica\u021bi \u00een activit\u0103\u021bi de instruire sau educa\u021bionale).<\/p>\n\n\n\n<p>Grupul \u021bint\u0103 va fi pus \u00een contact cu Serviciul Na\u021bional pentru Ocuparea For\u021bei de Munc\u0103. Grupul \u021bint\u0103 va fi angajat \u00een proiect cu aspectele inovatoare ale activit\u0103\u021bilor \u0219i nivelul ridicat de expertiz\u0103 oferit de exper\u021bii Universit\u0103\u021bii. <\/p>\n","protected":false},"excerpt":{"rendered":"<p>Grupul \u021bint\u0103 Grupul \u021bint\u0103 este format din: &#8211; 70 de tineri (\u00een special \u0219omeri) din zona transfrontalier\u0103 cu v\u00e2rste cuprinse \u00eentre 16-24 ani, care vor fi implica\u021bi \u00een prezent\u0103ri \u0219i teste, \u00een activit\u0103\u021bi care sus\u021bin \u0219ansele crescute de angajare; &#8211; 20 de profesori rom\u00e2ni \u0219i s\u00e2rbi vor beneficia de instruirea formatorilor \u00een domeniile IT, management [&hellip;]<\/p>\n","protected":false},"author":1,"featured_media":0,"parent":0,"menu_order":0,"comment_status":"closed","ping_status":"closed","template":"","meta":[],"_links":{"self":[{"href":"https:\/\/mytes.upt.ro\/ro\/wp-json\/wp\/v2\/pages\/9"}],"collection":[{"href":"https:\/\/mytes.upt.ro\/ro\/wp-json\/wp\/v2\/pages"}],"about":[{"href":"https:\/\/mytes.upt.ro\/ro\/wp-json\/wp\/v2\/types\/page"}],"author":[{"embeddable":true,"href":"https:\/\/mytes.upt.ro\/ro\/wp-json\/wp\/v2\/users\/1"}],"replies":[{"embeddable":true,"href":"https:\/\/mytes.upt.ro\/ro\/wp-json\/wp\/v2\/comments?post=9"}],"version-history":[{"count":9,"href":"https:\/\/mytes.upt.ro\/ro\/wp-json\/wp\/v2\/pages\/9\/revisions"}],"predecessor-version":[{"id":233,"href":"https:\/\/mytes.upt.ro\/ro\/wp-json\/wp\/v2\/pages\/9\/revisions\/233"}],"wp:attachment":[{"href":"https:\/\/mytes.upt.ro\/ro\/wp-json\/wp\/v2\/media?parent=9"}],"curies":[{"name":"wp","href":"https:\/\/api.w.org\/{rel}","templated":true}]}}